
{"id":3588,"date":"2024-01-12T13:52:59","date_gmt":"2024-01-12T12:52:59","guid":{"rendered":"https:\/\/www.rk-ball.at\/?page_id=3588"},"modified":"2024-02-03T12:02:26","modified_gmt":"2024-02-03T11:02:26","slug":"ticket","status":"publish","type":"page","link":"https:\/\/www.rk-ball.at\/index.php\/ticket\/","title":{"rendered":"Ticket"},"content":{"rendered":"\r\n\t\t<div  class=\"block-9a911be2-9fcb-4497-8514-ca4901b19e17 row areoi-element align-items-center\">\r\n\t\t\t\r\n\r\n\t\t\t\n\r\n\t\t<div  class=\"block-c051a1b9-1e6e-4974-b719-9c06c983ce07 col areoi-element col-12 col-sm-12 col-md-12 col-lg-6 col-xl-6 col-xxl-6\">\r\n\t\t\t\r\n\t\t\t\n\n<h1 class=\"wp-block-heading fnt-dance\">Sei dabei!<\/h1>\n\n\n\n<p>Und sicher dir jetzt deine Eintrittskarte an einer unserer Vorverkaufsstellen:<\/p>\n\n\n\n<p><\/p>\n\n\n\n<ul class=\"wp-block-list\">\n<li><strong><a href=\"https:\/\/maps.app.goo.gl\/p3Rdg27JbMqC4bmRA\">Rotes Kreuz Bezirksstelle Klosterneuburg<\/a><\/strong><br><em>\u00d6ffnungszeiten MO &#8211; FR: 08:00 &#8211; 15:00 Uhr<\/em><\/li>\n\n\n\n<li><strong><a href=\"https:\/\/maps.app.goo.gl\/di47J2TosoNaq4Qq8\">Stift Klosterneuburg Sala terrena<\/a><\/strong><br><em>\u00d6ffnungszeiten MO &#8211; SO: 08:00 &#8211; 16:00 Uhr<\/em><\/li>\n<\/ul>\n\n\n\n<hr class=\"wp-block-separator has-alpha-channel-opacity is-style-wide\"\/>\n\n\n\n<h2 class=\"wp-block-heading fnt-dance\">Ticketpreise<\/h2>\n\n\n\n<ul class=\"wp-block-list\">\n<li>Regul\u00e4rer Eintritt: <strong>30\u20ac<\/strong> (Abendkasse: 35\u20ac)<\/li>\n\n\n\n<li>Erm\u00e4\u00dfigter Eintritt: <strong>20\u20ac<\/strong> (Abendkasse: 25\u20ac)<br><span style=\"font-size: smaller\"><em>Erm\u00e4\u00dfigter Eintrittspreis gilt f\u00fcr Sch\u00fcler, Studenten und Lehrlinge.<\/em><\/span><\/li>\n\n\n\n<li>Sitzplatzreservierung: <strong>3\u20ac<\/strong><span style=\"font-size: smaller\"><em><br>Zu bezahlen am Ballabend. Reservierung erfolgt telefonisch, per e-mail oder <a href=\"#tischreservierung\" data-type=\"internal\" data-id=\"#tischreservierung\">online<\/a>. <\/em><\/span><\/li>\n<\/ul>\n\n \r\n\t\t\t\r\n\t\t<\/div>\r\n\t\n\n\r\n\t\t<div  class=\"block-d970c9c9-1941-4142-a97d-15a7da1eddfd col areoi-element col-lg-6 col-xl-6 col-xxl-6 d-none d-sm-none d-md-none d-lg-block\">\r\n\t\t\t\r\n\t\t\t\n<div class=\"wp-block-image is-style-default\">\n<figure class=\"alignright size-full\"><img loading=\"lazy\" decoding=\"async\" width=\"566\" height=\"360\" src=\"https:\/\/rk-ball.local\/wp-content\/uploads\/2024\/02\/ticket2024_stack-1.png\" alt=\"\" class=\"wp-image-3637\" style=\"object-fit:cover\" srcset=\"https:\/\/www.rk-ball.at\/wp-content\/uploads\/2024\/02\/ticket2024_stack-1.png 566w, https:\/\/www.rk-ball.at\/wp-content\/uploads\/2024\/02\/ticket2024_stack-1-300x191.png 300w\" sizes=\"auto, (max-width: 566px) 100vw, 566px\" \/><\/figure>\n<\/div>\n \r\n\t\t\t\r\n\t\t<\/div>\r\n\t\n \r\n\t\t<\/div>\r\n\t","protected":false},"excerpt":{"rendered":"","protected":false},"author":1,"featured_media":0,"parent":0,"menu_order":0,"comment_status":"closed","ping_status":"closed","template":"","meta":{"footnotes":""},"class_list":["post-3588","page","type-page","status-publish","hentry"],"_links":{"self":[{"href":"https:\/\/www.rk-ball.at\/index.php\/wp-json\/wp\/v2\/pages\/3588","targetHints":{"allow":["GET"]}}],"collection":[{"href":"https:\/\/www.rk-ball.at\/index.php\/wp-json\/wp\/v2\/pages"}],"about":[{"href":"https:\/\/www.rk-ball.at\/index.php\/wp-json\/wp\/v2\/types\/page"}],"author":[{"embeddable":true,"href":"https:\/\/www.rk-ball.at\/index.php\/wp-json\/wp\/v2\/users\/1"}],"replies":[{"embeddable":true,"href":"https:\/\/www.rk-ball.at\/index.php\/wp-json\/wp\/v2\/comments?post=3588"}],"version-history":[{"count":42,"href":"https:\/\/www.rk-ball.at\/index.php\/wp-json\/wp\/v2\/pages\/3588\/revisions"}],"predecessor-version":[{"id":3651,"href":"https:\/\/www.rk-ball.at\/index.php\/wp-json\/wp\/v2\/pages\/3588\/revisions\/3651"}],"wp:attachment":[{"href":"https:\/\/www.rk-ball.at\/index.php\/wp-json\/wp\/v2\/media?parent=3588"}],"curies":[{"name":"wp","href":"https:\/\/api.w.org\/{rel}","templated":true}]}}